{"id":258,"date":"2017-06-01T19:23:20","date_gmt":"2017-06-01T19:23:20","guid":{"rendered":"http:\/\/www.agricolachiusa.com\/?page_id=258"},"modified":"2017-09-25T19:21:05","modified_gmt":"2017-09-25T19:21:05","slug":"home","status":"publish","type":"page","link":"http:\/\/www.agricolachiusa.com\/de\/","title":{"rendered":"HOME"},"content":{"rendered":"<p><strong>La Chiusa<\/strong> ist e\u0131ne <strong>Agro-\u00d6ko-Tourismus-Farm<\/strong> (Urlaub auf dem Land) in der H\u00fcgellandschaft im Norden Umbriens. Umgeben von Natur mit Blick auf das Tal Niccone. Nur einige Autominuten von der Stadt <strong>Umbertide<\/strong> entfernt.<\/p>","protected":false},"excerpt":{"rendered":"<p>La Chiusa ist e\u0131ne Agro-\u00d6ko-Tourismus-Farm (Urlaub auf dem Land) in der H\u00fcgellandschaft im Norden Umbriens. Umgeben von Natur mit Blick auf das Tal Niccone. Nur einige Autominuten von der Stadt Umbertide entfernt.<\/p>\n","protected":false},"author":1,"featured_media":0,"parent":0,"menu_order":0,"comment_status":"closed","ping_status":"closed","template":"","meta":[],"_links":{"self":[{"href":"http:\/\/www.agricolachiusa.com\/de\/wp-json\/wp\/v2\/pages\/258"}],"collection":[{"href":"http:\/\/www.agricolachiusa.com\/de\/wp-json\/wp\/v2\/pages"}],"about":[{"href":"http:\/\/www.agricolachiusa.com\/de\/wp-json\/wp\/v2\/types\/page"}],"author":[{"embeddable":true,"href":"http:\/\/www.agricolachiusa.com\/de\/wp-json\/wp\/v2\/users\/1"}],"replies":[{"embeddable":true,"href":"http:\/\/www.agricolachiusa.com\/de\/wp-json\/wp\/v2\/comments?post=258"}],"version-history":[{"count":15,"href":"http:\/\/www.agricolachiusa.com\/de\/wp-json\/wp\/v2\/pages\/258\/revisions"}],"predecessor-version":[{"id":333,"href":"http:\/\/www.agricolachiusa.com\/de\/wp-json\/wp\/v2\/pages\/258\/revisions\/333"}],"wp:attachment":[{"href":"http:\/\/www.agricolachiusa.com\/de\/wp-json\/wp\/v2\/media?parent=258"}],"curies":[{"name":"wp","href":"https:\/\/api.w.org\/{rel}","templated":true}]}}