{"id":241,"date":"2017-06-01T19:10:49","date_gmt":"2017-06-01T19:10:49","guid":{"rendered":"http:\/\/www.agricolachiusa.com\/?page_id=241"},"modified":"2017-09-25T19:36:32","modified_gmt":"2017-09-25T19:36:32","slug":"places-to-visit","status":"publish","type":"page","link":"http:\/\/www.agricolachiusa.com\/tr\/places-to-visit\/","title":{"rendered":"GEZ\u0130LECEK YERLER"},"content":{"rendered":"<p><strong>La Chiusa<\/strong>, <strong>Umbria<\/strong> ve <strong>Toskana<\/strong>&#8216;daki keyifli mekanlar\u0131n merkezinde yer al\u0131r. <strong>Cortona<\/strong>,<strong> Tuoro<\/strong> ve <strong>Lago Trasimeno<\/strong> gibi noktalar\u0131n bulundu\u011fu Toskana s\u0131n\u0131r\u0131 ise sadece 6 km uzakl\u0131ktad\u0131r. Ayr\u0131ca <strong>Perugia<\/strong>,<strong> Assisi,<\/strong> <strong>Spello, Gubbio<\/strong> ve <strong>Montefalco<\/strong> gibi muhte\u015fem yerlerden yakla\u015f\u0131k 40 dakika uzakl\u0131ktay\u0131z. G\u00fcn\u00fc <strong>Roma<\/strong> ya da <strong>Floransa<\/strong>&#8216;da ge\u00e7irmek isterseniz, ikisi de trenle iki saatlik mesafededir.<\/p>\n<p>&nbsp;<\/p>","protected":false},"excerpt":{"rendered":"<p>La Chiusa, Umbria ve Toskana&#8216;daki keyifli mekanlar\u0131n merkezinde yer al\u0131r. Cortona, Tuoro ve Lago Trasimeno gibi noktalar\u0131n bulundu\u011fu Toskana s\u0131n\u0131r\u0131 ise sadece 6 km uzakl\u0131ktad\u0131r. Ayr\u0131ca Perugia, Assisi, Spello, Gubbio ve Montefalco gibi muhte\u015fem yerlerden yakla\u015f\u0131k 40 dakika uzakl\u0131ktay\u0131z. G\u00fcn\u00fc Roma ya da Floransa&#8216;da ge\u00e7irmek isterseniz, ikisi de trenle iki saatlik mesafededir. &nbsp;<\/p>\n","protected":false},"author":1,"featured_media":327,"parent":0,"menu_order":0,"comment_status":"closed","ping_status":"closed","template":"","meta":[],"_links":{"self":[{"href":"http:\/\/www.agricolachiusa.com\/tr\/wp-json\/wp\/v2\/pages\/241"}],"collection":[{"href":"http:\/\/www.agricolachiusa.com\/tr\/wp-json\/wp\/v2\/pages"}],"about":[{"href":"http:\/\/www.agricolachiusa.com\/tr\/wp-json\/wp\/v2\/types\/page"}],"author":[{"embeddable":true,"href":"http:\/\/www.agricolachiusa.com\/tr\/wp-json\/wp\/v2\/users\/1"}],"replies":[{"embeddable":true,"href":"http:\/\/www.agricolachiusa.com\/tr\/wp-json\/wp\/v2\/comments?post=241"}],"version-history":[{"count":17,"href":"http:\/\/www.agricolachiusa.com\/tr\/wp-json\/wp\/v2\/pages\/241\/revisions"}],"predecessor-version":[{"id":341,"href":"http:\/\/www.agricolachiusa.com\/tr\/wp-json\/wp\/v2\/pages\/241\/revisions\/341"}],"wp:featuredmedia":[{"embeddable":true,"href":"http:\/\/www.agricolachiusa.com\/tr\/wp-json\/wp\/v2\/media\/327"}],"wp:attachment":[{"href":"http:\/\/www.agricolachiusa.com\/tr\/wp-json\/wp\/v2\/media?parent=241"}],"curies":[{"name":"wp","href":"https:\/\/api.w.org\/{rel}","templated":true}]}}