{"id":258,"date":"2017-06-01T19:23:20","date_gmt":"2017-06-01T19:23:20","guid":{"rendered":"http:\/\/www.agricolachiusa.com\/?page_id=258"},"modified":"2017-09-25T19:21:05","modified_gmt":"2017-09-25T19:21:05","slug":"home","status":"publish","type":"page","link":"https:\/\/www.agricolachiusa.com\/tr\/","title":{"rendered":"ANA SAYFA"},"content":{"rendered":"<p><strong>La Chiusa<\/strong>\u00a0 Kuzey Umbria&#8217;da yer alan bir\u00a0<em><strong>agriturismo<\/strong><\/em>\u00a0 yani <em><strong>tatil \u00e7iftli\u011fi<\/strong><\/em>dir. Etraf\u0131 do\u011fayla \u00e7evrili ve Niccone Vadisi&#8217;ne tepeden bakan bir konumdad\u0131r. <strong>Umbertide<\/strong> kasabas\u0131na ise arabayla sadece birka\u00e7 dakikal\u0131k uzakl\u0131ktad\u0131r.<\/p>","protected":false},"excerpt":{"rendered":"<p>La Chiusa\u00a0 Kuzey Umbria&#8217;da yer alan bir\u00a0agriturismo\u00a0 yani tatil \u00e7iftli\u011fidir. Etraf\u0131 do\u011fayla \u00e7evrili ve Niccone Vadisi&#8217;ne tepeden bakan bir konumdad\u0131r. Umbertide kasabas\u0131na ise arabayla sadece birka\u00e7 dakikal\u0131k uzakl\u0131ktad\u0131r.<\/p>\n","protected":false},"author":1,"featured_media":0,"parent":0,"menu_order":0,"comment_status":"closed","ping_status":"closed","template":"","meta":[],"_links":{"self":[{"href":"https:\/\/www.agricolachiusa.com\/tr\/wp-json\/wp\/v2\/pages\/258"}],"collection":[{"href":"https:\/\/www.agricolachiusa.com\/tr\/wp-json\/wp\/v2\/pages"}],"about":[{"href":"https:\/\/www.agricolachiusa.com\/tr\/wp-json\/wp\/v2\/types\/page"}],"author":[{"embeddable":true,"href":"https:\/\/www.agricolachiusa.com\/tr\/wp-json\/wp\/v2\/users\/1"}],"replies":[{"embeddable":true,"href":"https:\/\/www.agricolachiusa.com\/tr\/wp-json\/wp\/v2\/comments?post=258"}],"version-history":[{"count":15,"href":"https:\/\/www.agricolachiusa.com\/tr\/wp-json\/wp\/v2\/pages\/258\/revisions"}],"predecessor-version":[{"id":333,"href":"https:\/\/www.agricolachiusa.com\/tr\/wp-json\/wp\/v2\/pages\/258\/revisions\/333"}],"wp:attachment":[{"href":"https:\/\/www.agricolachiusa.com\/tr\/wp-json\/wp\/v2\/media?parent=258"}],"curies":[{"name":"wp","href":"https:\/\/api.w.org\/{rel}","templated":true}]}}